{"id":1885,"date":"2021-10-17T16:23:08","date_gmt":"2021-10-17T14:23:08","guid":{"rendered":"https:\/\/schirkoamovie.com\/?page_id=1885"},"modified":"2024-12-10T13:31:07","modified_gmt":"2024-12-10T12:31:07","slug":"feature","status":"publish","type":"page","link":"https:\/\/schirkoamovie.com\/index.php\/feature\/","title":{"rendered":"Feature"},"content":{"rendered":"<section class=\"tcvpb_section_tc section_with_header\">\n\t\t<header><div class=\"tcvpb_container\"><h3>SCHIRKOA: IN LIES WE TRUST<\/h3><\/div><\/header>\n\t\t<div class=\"tcvpb_section_content\"><div class=\"tcvpb_container\"><div class=\"tcvpb_column_tc_span12\"><div  class=\"tcvpb-image \" ><img src=\"https:\/\/schirkoamovie.com\/wp-content\/uploads\/2021\/10\/Schirkoa_Balcony-e1634481329707.jpg\" alt=\"\"><\/div><span class=\"clear\" style=\"height:30px;display:block;\"><\/span>\n\t\t<div  class=\"tcvpb-accordion tcvpb-toggle \" data-expanded=\"0\">\n\t\t\t<h3>Synopsis and Film Specs<\/h3>\n\t\t\t<div class=\"tcvpb-accordion-body\">\n\t\t\t\t<p>\n<p class=\"p_tc\">In a sophisticated near perfect society \u2018Schirkoa\u2019, citizens live with paper bags on heads to dissolve differences. Tensions rise when the whispers of a mythical land without the bags start to float and a fresh council member sparks an accidental revolution&#8230;<\/p>\n<p class=\"p_tc\"><br>Original Title: Schirkoa: in Lies We Trust<br>Genre: 2D\/3D animation<br>Film nationality: India, France<br>Countries of production: India, France, Germany<br>Language: English<br>Year: 2024<br>Duration: 103 min.<br>Picture: Color<br>Exhibition format (DCP): 2048&#215;858<br>Framerate (DCP): 24<br>Aspect Ratio: 2.35:1<br>Sound: 5.1<\/p>\n<\/p>\n\t\t\t<\/div>\n\t\t<\/div>\n\t\t\n\t\t<div  class=\"tcvpb-accordion tcvpb-toggle \" data-expanded=\"0\">\n\t\t\t<h3>Production Details<\/h3>\n\t\t\t<div class=\"tcvpb-accordion-body\">\n\t\t\t\t<p>\n<p class=\"p_tc\"><strong>Written, designed and directed by<\/strong> Ishan Shukla<br>With the artistic collaboration of Bich-Quan Tran<br>Based upon the short film \u201cSchirkoa\u201d created by Ishan Shukla<br><strong>Original score by<\/strong> Sneha Khanwalkar<br><strong>Sound editing and sound design<\/strong> Nicolas Titeux<br><strong>Designs<\/strong> Ishan Shukla, Yaning Feng<br>Lies\u2019 clothes are designed by Antonio Grimaldi<br><strong>Storyboard<\/strong> Shahab Serwaty<br><strong>Cinematography, FX, Lighting<\/strong> Ishan Shukla<br><strong>Editing and Compositing<\/strong> Ishan Shukla<br><strong>3D Animation Supervisor<\/strong> Piyush Mittal<br><strong>MoCap<\/strong> SolidAnim<br><strong>Sound Mixing<\/strong> Florent Fournier-Sicre, Nicolas Titeux<br><strong>Additional Music<\/strong> King Khan, Saba Lou, Sun Ra, Benny Turner, Asia Argento with Morgan, Golshifteh Farahani, BROTHER<\/p>\n<p class=\"p_tc\"><strong>Voice Cast<\/strong> Golshifteh Farahani, Asia Argento, SoKo, King Khan, Denzil Smith, John Sutton, and introducing Tibu Fortes and Shahbaz Sarwar<br><strong>Voice Guest Stars<\/strong>&nbsp;Lav Diaz, Karan Johar, Shekhar Kapur, Anurag Kashyap, Piyush Mishra, Gaspar Noe<\/p>\n<p class=\"p_tc\"><strong>Produced by<\/strong> Bich-Quan Tran, Ishan Shukla<strong><br>Co-Produced by <\/strong>Stephan Holl, Samir Sarkar<br><strong>Executive Producer<\/strong> Anushka Shah<\/p>\n<p class=\"p_tc\">A Dissidenz Films and Red Cigarette Media production<br>In co-production with Rapid Eye Movies<br>In association with Civic Studios and Cofinova 18<br>With the support of Aide aux Cin\u00e9mas du Monde &#8211; Centre National du Cin\u00e9ma et de l&#8217;Image Anim\u00e9e &#8211; Institut Fran\u00e7ais, Epic MegaGrants, Film und Medienstiftung NRW, Nouvelle-Aquitaine region in partnership with the CNC<\/p>\n<p class=\"p_tc\">Filmed in France and India<\/p>\n<\/p>\n\t\t\t<\/div>\n\t\t<\/div>\n\t\t\n\t\t<div  class=\"tcvpb-accordion tcvpb-toggle \" data-expanded=\"0\">\n\t\t\t<h3>Festivals<\/h3>\n\t\t\t<div class=\"tcvpb-accordion-body\">\n\t\t\t\t<p>\n<p class=\"p_tc\"><strong>International Film Festival Rotterdam (IFFR) 2024<\/strong> &#8211; World Premiere<br>Bright Future<br><em>NETPAC Award for Best Asian Film<\/em><br><br><strong>G\u00f6teborg Film Festival 2024<\/strong> &#8211; Nordic Premiere<br>Voyage<\/p>\n<p class=\"p_tc\"><strong>Brussels International Fantastic Film Festival (BIFFF) 2024 <\/strong>&#8211; Belgian premiere<br>White Raven<\/p>\n<p class=\"p_tc\"><strong>Mykolaichuk OPEN Film Festival 2024 <\/strong>&#8211; Ukrainian premiere<br>Under the constellation of Gemini<\/p>\n<p class=\"p_tc\"><strong>Taipei Film Festival 2024<\/strong> &#8211; Asian Premiere<br>Out of Competition<\/p>\n<p class=\"p_tc\"><strong>Bucheon International Fantastic Film Festival (BIFAN) 2024 <\/strong>&#8211; South Korean premiere<br>Metal Noir<\/p>\n<p class=\"p_tc\"><strong>FilmFest M\u00fcnchen 2024 <\/strong>&#8211; German premiere<br>CineRebels<\/p>\n<p class=\"p_tc\"><strong>Neuch\u00e2tel International Fantastic Film Festival (NIFFF) 2024 <\/strong>&#8211; Swiss premiere<br>Asian Competition<\/p>\n<p class=\"p_tc\"><strong>Cinedays Festival of European Film 2024<\/strong> &#8211; North Macedonian premiere<br>International Competition<br><em>Blue Star for Best Screenplay<\/em><\/p>\n<p class=\"p_tc\"><strong>Edinburgh International Film Festival (EIFF) 2024 <\/strong>&#8211; UK premiere<br>Out of Competition<\/p>\n<p class=\"p_tc\"><strong>L&#8217;Etrange Festival Paris 2024<\/strong> &#8211; French premiere<br>Nouveaux Talents<\/p>\n<p class=\"p_tc\"><strong>Festival Europ\u00e9en du Film Fantastique de Strasbourg (FEFFS) 2024<\/strong><br>Animated Film Competition<\/p>\n<p class=\"p_tc\"><strong>Sitges International Fantastic Film Festival of Catalonia 2024<\/strong> &#8211; Spanish premiere<br>Noves Visions<\/p>\n<p class=\"p_tc\"><strong>Festival du Nouveau Cin\u00e9ma (FNC) de Montr\u00e9al 2024 <\/strong>&#8211; Canadian premiere<br>Temps 0<\/p>\n<p class=\"p_tc\"><strong>Utopiales Nantes 2024<\/strong><br>International Film Competition<\/p>\n<p class=\"p_tc\"><strong>Trieste Science+Fiction Festival 2024<\/strong> &#8211; Italian premiere<br>Neon\/Asteroid<\/p>\n<p class=\"p_tc\"><strong>Heroes International Film Festival 2024<\/strong><br>Official Selection<\/p>\n<p class=\"p_tc\"><strong>International Film Festival of Kerala 2024<\/strong> &#8211; Indian premiere<br>Kaleidoscope<\/p>\n<\/p>\n\t\t\t<\/div>\n\t\t<\/div>\n\t\t<\/div><\/div><\/div>\n\t\t\n\t\t\n\t<\/section>\n","protected":false},"excerpt":{"rendered":"","protected":false},"author":1,"featured_media":0,"parent":0,"menu_order":0,"comment_status":"closed","ping_status":"closed","template":"","meta":[],"_links":{"self":[{"href":"https:\/\/schirkoamovie.com\/index.php\/wp-json\/wp\/v2\/pages\/1885"}],"collection":[{"href":"https:\/\/schirkoamovie.com\/index.php\/wp-json\/wp\/v2\/pages"}],"about":[{"href":"https:\/\/schirkoamovie.com\/index.php\/wp-json\/wp\/v2\/types\/page"}],"author":[{"embeddable":true,"href":"https:\/\/schirkoamovie.com\/index.php\/wp-json\/wp\/v2\/users\/1"}],"replies":[{"embeddable":true,"href":"https:\/\/schirkoamovie.com\/index.php\/wp-json\/wp\/v2\/comments?post=1885"}],"version-history":[{"count":18,"href":"https:\/\/schirkoamovie.com\/index.php\/wp-json\/wp\/v2\/pages\/1885\/revisions"}],"predecessor-version":[{"id":2120,"href":"https:\/\/schirkoamovie.com\/index.php\/wp-json\/wp\/v2\/pages\/1885\/revisions\/2120"}],"wp:attachment":[{"href":"https:\/\/schirkoamovie.com\/index.php\/wp-json\/wp\/v2\/media?parent=1885"}],"curies":[{"name":"wp","href":"https:\/\/api.w.org\/{rel}","templated":true}]}}